{"id":44,"date":"2015-11-23T15:19:37","date_gmt":"2015-11-23T14:19:37","guid":{"rendered":"http:\/\/projets.ednh.fr\/montpellier\/2015\/lucie-espert\/?page_id=44"},"modified":"2024-03-18T19:22:41","modified_gmt":"2024-03-18T18:22:41","slug":"ma-dietetique","status":"publish","type":"page","link":"http:\/\/lucie-espert.com\/","title":{"rendered":"\u00ab\u00a0Ma\u00a0\u00bb di\u00e9t\u00e9tique"},"content":{"rendered":"<p style=\"text-align: center;\"><!--more--><\/p>\n<p style=\"text-align: center;\">\n<\/p><p style=\"text-align: center;\">\n<\/p><p style=\"text-align: center;\">\u00ab<em> La plupart des r\u00e9gimes peuvent se r\u00e9sumer \u00e0 cette phrase : si c\u2019est bon, crachez.<\/em>&nbsp;\u00bb<\/p>\n<p style=\"text-align: center;\">&nbsp; &nbsp; &nbsp; &nbsp; &nbsp; &nbsp; &nbsp; &nbsp; &nbsp; &nbsp; &nbsp; &nbsp; &nbsp; &nbsp; &nbsp; &nbsp; &nbsp; &nbsp; &nbsp; &nbsp; &nbsp; &nbsp; &nbsp; &nbsp; &nbsp; &nbsp; &nbsp; &nbsp; &nbsp; &nbsp; &nbsp; &nbsp; &nbsp; &nbsp; &nbsp; &nbsp; &nbsp; &nbsp; &nbsp; &nbsp; &nbsp; &nbsp; &nbsp; &nbsp; &nbsp; &nbsp; &nbsp; &nbsp; &nbsp; &nbsp; &nbsp; &nbsp; F. Metcalf<\/p>\n<hr>\n<p style=\"text-align: center;\">Au jour ou les r\u00e9gimes amincissants&nbsp;plus farfelus les uns que les autres ont prouv\u00e9s leurs<strong> inefficacit\u00e9s<\/strong>, le retour \u00e0 une alimentation <strong>saine et \u00e9quilibr\u00e9e<\/strong> est selon moi, la m\u00e9thode la plus<strong> naturelle<\/strong> et <strong>durable<\/strong> de prendre soin de son poids et de sa <strong>sant\u00e9<\/strong>.<\/p>\n<p style=\"text-align: center;\">Ma vision&nbsp;de la <strong>di\u00e9t\u00e9tique<\/strong> se r\u00e9sume \u00e0 <strong>manger<\/strong> de tout, en quantit\u00e9s <strong>adapt\u00e9es<\/strong> \u00e0 ses besoins.<\/p>\n<p style=\"text-align: center;\">Ceci me permet de vous proposer une<strong> prise en charge<\/strong> personnalis\u00e9e sans <strong>frustrations,&nbsp;<\/strong>associ\u00e9e \u00e0 des conseils professionnels pour (re)prendre du <strong>plaisir<\/strong> en mangeant.<\/p>\n\n\n<div class=\"wp-block-buttons is-horizontal is-content-justification-center is-layout-flex wp-container-core-buttons-is-layout-499968f5 wp-block-buttons-is-layout-flex\">\n<div class=\"wp-block-button has-custom-width wp-block-button__width-50\"><a class=\"wp-block-button__link wp-element-button\" href=\"https:\/\/lucie-espert.com\/index.php\/prendre-rdv\/\">Prendre RDV <\/a><\/div>\n<\/div>\n\n\n\n<div class=\"wp-block-buttons is-content-justification-center is-layout-flex wp-container-core-buttons-is-layout-16018d1d wp-block-buttons-is-layout-flex\">\n<div class=\"wp-block-button has-custom-width wp-block-button__width-50\"><a class=\"wp-block-button__link wp-element-button\" href=\"http:\/\/lucie-espert.com\/index.php\/ma-dietetique\/consultations\/\">Consultation &amp; honoraires<\/a><\/div>\n<\/div>\n\n\n\n<div class=\"wp-block-buttons is-content-justification-center is-layout-flex wp-container-core-buttons-is-layout-16018d1d wp-block-buttons-is-layout-flex\">\n<div class=\"wp-block-button has-custom-width wp-block-button__width-50\"><a class=\"wp-block-button__link wp-element-button\" href=\"http:\/\/lucie-espert.com\/index.php\/lieu-de-consultation\/\">Lieu de consultation <\/a><\/div>\n<\/div>\n\n\n<p>\u00a0<\/p>\n<p style=\"text-align: center;\"><em>Les consultations peuvent \u00eatre r\u00e9alis\u00e9es au <strong>cabinet<\/strong> ou par <strong>t\u00e9l\u00e9consultation<\/strong> (\u00e0 distance<\/em><i>).<\/i><\/p>","protected":false},"excerpt":{"rendered":"","protected":false},"author":1,"featured_media":462,"parent":0,"menu_order":0,"comment_status":"closed","ping_status":"closed","template":"","meta":{"footnotes":""},"class_list":["post-44","page","type-page","status-publish","has-post-thumbnail","hentry"],"_links":{"self":[{"href":"http:\/\/lucie-espert.com\/index.php\/wp-json\/wp\/v2\/pages\/44","targetHints":{"allow":["GET"]}}],"collection":[{"href":"http:\/\/lucie-espert.com\/index.php\/wp-json\/wp\/v2\/pages"}],"about":[{"href":"http:\/\/lucie-espert.com\/index.php\/wp-json\/wp\/v2\/types\/page"}],"author":[{"embeddable":true,"href":"http:\/\/lucie-espert.com\/index.php\/wp-json\/wp\/v2\/users\/1"}],"replies":[{"embeddable":true,"href":"http:\/\/lucie-espert.com\/index.php\/wp-json\/wp\/v2\/comments?post=44"}],"version-history":[{"count":10,"href":"http:\/\/lucie-espert.com\/index.php\/wp-json\/wp\/v2\/pages\/44\/revisions"}],"predecessor-version":[{"id":704,"href":"http:\/\/lucie-espert.com\/index.php\/wp-json\/wp\/v2\/pages\/44\/revisions\/704"}],"wp:featuredmedia":[{"embeddable":true,"href":"http:\/\/lucie-espert.com\/index.php\/wp-json\/wp\/v2\/media\/462"}],"wp:attachment":[{"href":"http:\/\/lucie-espert.com\/index.php\/wp-json\/wp\/v2\/media?parent=44"}],"curies":[{"name":"wp","href":"https:\/\/api.w.org\/{rel}","templated":true}]}}