{"id":168,"date":"2016-03-30T09:25:05","date_gmt":"2016-03-30T08:25:05","guid":{"rendered":"http:\/\/projets.ednh.fr\/montpellier\/2015\/lucie-espert\/?page_id=168"},"modified":"2026-02-18T12:53:14","modified_gmt":"2026-02-18T11:53:14","slug":"contact","status":"publish","type":"page","link":"https:\/\/lucie-espert.com\/index.php\/contact\/","title":{"rendered":"Me contacter"},"content":{"rendered":"<p style=\"text-align: center;\">Pour toute demande compl\u00e9mentaire, n&rsquo;h\u00e9sitez pas \u00e0 me contacter :<\/p>\n<p style=\"text-align: center;\">Par t\u00e9l\u00e9phone : <a href=\"http:\/\/0632810985\" data-wplink-url-error=\"true\">+ 33 (0) 6 32 81 09 85<\/a><\/p>\n<p style=\"text-align: center;\">ou par mail : <a href=\"mailto:dietetique@lucie-espert.com\">dietetique@lucie-espert.com<\/a><\/p>\n\n\n<div style=\"height:97px\" aria-hidden=\"true\" class=\"wp-block-spacer\"><\/div>\n\n\n\n<div class=\"wp-block-columns is-layout-flex wp-container-core-columns-is-layout-9d6595d7 wp-block-columns-is-layout-flex\">\n<div class=\"wp-block-column is-layout-flow wp-block-column-is-layout-flow\">\n<figure class=\"wp-block-gallery has-nested-images columns-default is-cropped wp-block-gallery-1 is-layout-flex wp-block-gallery-is-layout-flex\">\n<figure class=\"wp-block-image size-large\"><img loading=\"lazy\" decoding=\"async\" width=\"679\" height=\"459\" data-id=\"733\" src=\"https:\/\/lucie-espert.com\/wp-content\/uploads\/2026\/02\/Saint-Roch-polyclinique-prise-en-charge-dietetique-lucie-espert.jpg\" alt=\"\" class=\"wp-image-733\" srcset=\"https:\/\/lucie-espert.com\/wp-content\/uploads\/2026\/02\/Saint-Roch-polyclinique-prise-en-charge-dietetique-lucie-espert.jpg 679w, https:\/\/lucie-espert.com\/wp-content\/uploads\/2026\/02\/Saint-Roch-polyclinique-prise-en-charge-dietetique-lucie-espert-300x203.jpg 300w\" sizes=\"auto, (max-width: 679px) 100vw, 679px\" \/><\/figure>\n<\/figure>\n<\/div>\n\n\n\n<div class=\"wp-block-column is-layout-flow wp-block-column-is-layout-flow\">\n<p><a href=\"https:\/\/www.google.fr\/maps\/place\/Polyclinique+Saint-Roch\/@43.5832132,3.8590041,17z\/data=!3m1!4b1!4m5!3m4!1s0x12b6af03d648d707:0xddb0dbca90992559!8m2!3d43.5832992!4d3.8614134?hl=fr\">POLYCLINIQUE ST ROCH<\/a> <\/p>\n\n\n\n<p>560 Avenue du Colonel Andr\u00e9 Pavelet dit Villars<\/p>\n\n\n\n<p>34000 Montpellier<\/p>\n\n\n\n<p class=\"has-text-align-center has-white-color has-cyan-bluish-gray-background-color has-text-color has-background\">2nd \u00e9tage pole consultation <\/p>\n\n\n\n<p><\/p>\n<\/div>\n<\/div>\n\n\n\n<p><\/p>\n","protected":false},"excerpt":{"rendered":"<p>Pour toute demande compl\u00e9mentaire, n&rsquo;h\u00e9sitez pas \u00e0 me contacter : Par t\u00e9l\u00e9phone : + 33 (0) 6 32 81 09 85 ou par mail : dietetique@lucie-espert.com POLYCLINIQUE ST ROCH 560 Avenue du Colonel Andr\u00e9 Pavelet dit Villars 34000 Montpellier 2nd \u00e9tage pole consultation<\/p>\n","protected":false},"author":1,"featured_media":0,"parent":0,"menu_order":0,"comment_status":"closed","ping_status":"closed","template":"","meta":{"footnotes":""},"class_list":["post-168","page","type-page","status-publish","hentry"],"_links":{"self":[{"href":"https:\/\/lucie-espert.com\/index.php\/wp-json\/wp\/v2\/pages\/168","targetHints":{"allow":["GET"]}}],"collection":[{"href":"https:\/\/lucie-espert.com\/index.php\/wp-json\/wp\/v2\/pages"}],"about":[{"href":"https:\/\/lucie-espert.com\/index.php\/wp-json\/wp\/v2\/types\/page"}],"author":[{"embeddable":true,"href":"https:\/\/lucie-espert.com\/index.php\/wp-json\/wp\/v2\/users\/1"}],"replies":[{"embeddable":true,"href":"https:\/\/lucie-espert.com\/index.php\/wp-json\/wp\/v2\/comments?post=168"}],"version-history":[{"count":15,"href":"https:\/\/lucie-espert.com\/index.php\/wp-json\/wp\/v2\/pages\/168\/revisions"}],"predecessor-version":[{"id":739,"href":"https:\/\/lucie-espert.com\/index.php\/wp-json\/wp\/v2\/pages\/168\/revisions\/739"}],"wp:attachment":[{"href":"https:\/\/lucie-espert.com\/index.php\/wp-json\/wp\/v2\/media?parent=168"}],"curies":[{"name":"wp","href":"https:\/\/api.w.org\/{rel}","templated":true}]}}