{"id":527,"date":"2021-05-04T21:07:06","date_gmt":"2021-05-04T20:07:06","guid":{"rendered":"http:\/\/lucie-espert.com\/?page_id=527"},"modified":"2026-02-18T12:51:58","modified_gmt":"2026-02-18T11:51:58","slug":"lieu-de-consultation","status":"publish","type":"page","link":"https:\/\/lucie-espert.com\/index.php\/lieu-de-consultation\/","title":{"rendered":"Lieu de consultation"},"content":{"rendered":"\n<div class=\"wp-block-columns is-layout-flex wp-container-core-columns-is-layout-9d6595d7 wp-block-columns-is-layout-flex\">\n<div class=\"wp-block-column is-layout-flow wp-block-column-is-layout-flow\">\n<figure class=\"wp-block-image size-large\"><img loading=\"lazy\" decoding=\"async\" width=\"1024\" height=\"640\" src=\"http:\/\/lucie-espert.com\/wp-content\/uploads\/2021\/05\/051BD29C-15EC-439C-BC95-F53C73A26035-edited-1024x640.jpeg\" alt=\"\" class=\"wp-image-532\" srcset=\"https:\/\/lucie-espert.com\/wp-content\/uploads\/2021\/05\/051BD29C-15EC-439C-BC95-F53C73A26035-edited-1024x640.jpeg 1024w, https:\/\/lucie-espert.com\/wp-content\/uploads\/2021\/05\/051BD29C-15EC-439C-BC95-F53C73A26035-edited-300x188.jpeg 300w, https:\/\/lucie-espert.com\/wp-content\/uploads\/2021\/05\/051BD29C-15EC-439C-BC95-F53C73A26035-edited-768x480.jpeg 768w, https:\/\/lucie-espert.com\/wp-content\/uploads\/2021\/05\/051BD29C-15EC-439C-BC95-F53C73A26035-edited-1536x960.jpeg 1536w, https:\/\/lucie-espert.com\/wp-content\/uploads\/2021\/05\/051BD29C-15EC-439C-BC95-F53C73A26035-edited-2048x1280.jpeg 2048w\" sizes=\"auto, (max-width: 1024px) 100vw, 1024px\" \/><\/figure>\n\n\n\n<h2 class=\"wp-block-heading has-text-align-center\">Au cabinet<\/h2>\n\n\n\n<div class=\"wp-block-buttons is-horizontal is-content-justification-center is-layout-flex wp-container-core-buttons-is-layout-499968f5 wp-block-buttons-is-layout-flex\">\n<div class=\"wp-block-button has-custom-width wp-block-button__width-50 is-style-fill\"><a class=\"wp-block-button__link wp-element-button\">Me contacter<\/a><\/div>\n<\/div>\n\n\n\n<p>\u00c0 la <strong>Polyclinique St Roch<\/strong> \u00e0 Montpellier dans le respect des mesures sanitaires et gestes barri\u00e8res. <\/p>\n\n\n\n<p class=\"has-cyan-bluish-gray-color has-text-color has-small-font-size\"><em>(Information compl\u00e9mentaires ci-bas)<\/em><\/p>\n\n\n\n<p>Paiement par carte bancaire, ch\u00e8que ou esp\u00e8ces.<\/p>\n<\/div>\n\n\n\n<div class=\"wp-block-column is-layout-flow wp-block-column-is-layout-flow\">\n<figure class=\"wp-block-image size-large\"><img loading=\"lazy\" decoding=\"async\" width=\"1024\" height=\"641\" src=\"http:\/\/lucie-espert.com\/wp-content\/uploads\/2021\/05\/F7079F6A-5C1B-47DC-9DA9-53CD66B09ABB-edited-1024x641.jpeg\" alt=\"\" class=\"wp-image-533\" srcset=\"https:\/\/lucie-espert.com\/wp-content\/uploads\/2021\/05\/F7079F6A-5C1B-47DC-9DA9-53CD66B09ABB-edited-1024x641.jpeg 1024w, https:\/\/lucie-espert.com\/wp-content\/uploads\/2021\/05\/F7079F6A-5C1B-47DC-9DA9-53CD66B09ABB-edited-300x188.jpeg 300w, https:\/\/lucie-espert.com\/wp-content\/uploads\/2021\/05\/F7079F6A-5C1B-47DC-9DA9-53CD66B09ABB-edited-768x480.jpeg 768w, https:\/\/lucie-espert.com\/wp-content\/uploads\/2021\/05\/F7079F6A-5C1B-47DC-9DA9-53CD66B09ABB-edited.jpeg 1183w\" sizes=\"auto, (max-width: 1024px) 100vw, 1024px\" \/><\/figure>\n\n\n\n<h2 class=\"wp-block-heading has-text-align-center\">\u00c0 distance<\/h2>\n\n\n\n<div class=\"wp-block-buttons is-horizontal is-content-justification-center is-layout-flex wp-container-core-buttons-is-layout-499968f5 wp-block-buttons-is-layout-flex\">\n<div class=\"wp-block-button has-custom-width wp-block-button__width-50 is-style-fill\"><a class=\"wp-block-button__link wp-element-button\" href=\"https:\/\/lucie-espert.com\/index.php\/prendre-rdv\/\">Prendre RDV <\/a><\/div>\n<\/div>\n\n\n\n<p>Partout en France et \u00e0 l\u2019\u00e9tranger.<\/p>\n\n\n\n<p class=\"has-cyan-bluish-gray-color has-text-color has-small-font-size\"><em>Le rendez-vous est en visio (par Zoom, skype ou WhatsApp). Il est n\u00e9c\u00e9ssaire d\u2019\u00eatre disponible et dans un environnement calme<\/em>.<\/p>\n\n\n\n<p>Paiement en ligne s\u00e9curis\u00e9.<\/p>\n<\/div>\n<\/div>\n\n\n\n<hr class=\"wp-block-separator has-css-opacity is-style-dots\"\/>\n\n\n\n<div style=\"height:22px\" aria-hidden=\"true\" class=\"wp-block-spacer\"><\/div>\n\n\n\n<div style=\"height:23px\" aria-hidden=\"true\" class=\"wp-block-spacer\"><\/div>\n\n\n\n<div class=\"wp-block-columns is-layout-flex wp-container-core-columns-is-layout-9d6595d7 wp-block-columns-is-layout-flex\">\n<div class=\"wp-block-column is-layout-flow wp-block-column-is-layout-flow\">\n<figure class=\"wp-block-gallery has-nested-images columns-default is-cropped wp-block-gallery-1 is-layout-flex wp-block-gallery-is-layout-flex\">\n<figure class=\"wp-block-image size-large\"><img loading=\"lazy\" decoding=\"async\" width=\"679\" height=\"459\" data-id=\"733\" src=\"https:\/\/lucie-espert.com\/wp-content\/uploads\/2026\/02\/Saint-Roch-polyclinique-prise-en-charge-dietetique-lucie-espert.jpg\" alt=\"Saint Roch - polyclinique prise en charge die\u0301te\u0301tique lucie espert\" class=\"wp-image-733\" srcset=\"https:\/\/lucie-espert.com\/wp-content\/uploads\/2026\/02\/Saint-Roch-polyclinique-prise-en-charge-dietetique-lucie-espert.jpg 679w, https:\/\/lucie-espert.com\/wp-content\/uploads\/2026\/02\/Saint-Roch-polyclinique-prise-en-charge-dietetique-lucie-espert-300x203.jpg 300w\" sizes=\"auto, (max-width: 679px) 100vw, 679px\" \/><figcaption class=\"wp-element-caption\">Saint Roch &#8211; polyclinique prise en charge die\u0301te\u0301tique lucie espert<\/figcaption><\/figure>\n<\/figure>\n<\/div>\n\n\n\n<div class=\"wp-block-column is-layout-flow wp-block-column-is-layout-flow\">\n<p><a href=\"https:\/\/www.google.fr\/maps\/place\/Polyclinique+Saint-Roch\/@43.5832132,3.8590041,17z\/data=!3m1!4b1!4m5!3m4!1s0x12b6af03d648d707:0xddb0dbca90992559!8m2!3d43.5832992!4d3.8614134?hl=fr\" data-type=\"URL\" data-id=\"https:\/\/www.google.fr\/maps\/place\/Polyclinique+Saint-Roch\/@43.5832132,3.8590041,17z\/data=!3m1!4b1!4m5!3m4!1s0x12b6af03d648d707:0xddb0dbca90992559!8m2!3d43.5832992!4d3.8614134?hl=fr\">POLYCLINIQUE ST ROCH<\/a>                    <\/p>\n\n\n\n<p>Lucie Espert &#8211; 2nd \u00e9tage p\u00f4le consult.<\/p>\n\n\n\n<p>560 Avenue du Colonel Andr\u00e9 Pavelet dit Villars <\/p>\n\n\n\n<p>34000 Montpellier<\/p>\n\n\n\n<p class=\"has-text-align-center has-white-color has-cyan-bluish-gray-background-color has-text-color has-background\">2nd \u00e9tage p\u00f4le consultation<\/p>\n<\/div>\n<\/div>\n\n\n\n<p><\/p>\n","protected":false},"excerpt":{"rendered":"<p>Au cabinet \u00c0 la Polyclinique St Roch \u00e0 Montpellier dans le respect des mesures sanitaires et gestes barri\u00e8res. (Information compl\u00e9mentaires ci-bas) Paiement par carte bancaire, ch\u00e8que ou esp\u00e8ces. \u00c0 distance Partout en France et \u00e0 l\u2019\u00e9tranger. Le rendez-vous est en visio (par Zoom, skype ou WhatsApp). Il est n\u00e9c\u00e9ssaire d\u2019\u00eatre disponible et dans un environnement [&hellip;]<\/p>\n","protected":false},"author":1,"featured_media":0,"parent":0,"menu_order":0,"comment_status":"closed","ping_status":"closed","template":"","meta":{"footnotes":""},"class_list":["post-527","page","type-page","status-publish","hentry"],"_links":{"self":[{"href":"https:\/\/lucie-espert.com\/index.php\/wp-json\/wp\/v2\/pages\/527","targetHints":{"allow":["GET"]}}],"collection":[{"href":"https:\/\/lucie-espert.com\/index.php\/wp-json\/wp\/v2\/pages"}],"about":[{"href":"https:\/\/lucie-espert.com\/index.php\/wp-json\/wp\/v2\/types\/page"}],"author":[{"embeddable":true,"href":"https:\/\/lucie-espert.com\/index.php\/wp-json\/wp\/v2\/users\/1"}],"replies":[{"embeddable":true,"href":"https:\/\/lucie-espert.com\/index.php\/wp-json\/wp\/v2\/comments?post=527"}],"version-history":[{"count":17,"href":"https:\/\/lucie-espert.com\/index.php\/wp-json\/wp\/v2\/pages\/527\/revisions"}],"predecessor-version":[{"id":737,"href":"https:\/\/lucie-espert.com\/index.php\/wp-json\/wp\/v2\/pages\/527\/revisions\/737"}],"wp:attachment":[{"href":"https:\/\/lucie-espert.com\/index.php\/wp-json\/wp\/v2\/media?parent=527"}],"curies":[{"name":"wp","href":"https:\/\/api.w.org\/{rel}","templated":true}]}}